{"id":1087,"date":"2020-05-19T11:39:45","date_gmt":"2020-05-19T09:39:45","guid":{"rendered":"http:\/\/bposem.fr\/WordPress3\/?page_id=1087"},"modified":"2020-05-19T14:03:14","modified_gmt":"2020-05-19T12:03:14","slug":"cuisines-et-agencements-interieurs","status":"publish","type":"page","link":"https:\/\/bposem.fr\/WordPress3\/cuisines-et-agencements-interieurs\/","title":{"rendered":"Cuisines et agencements int\u00e9rieurs"},"content":{"rendered":"\t\t<div data-elementor-type=\"wp-page\" data-elementor-id=\"1087\" class=\"elementor elementor-1087\">\n\t\t\t\t\t\t<section class=\"elementor-section elementor-top-section elementor-element elementor-element-b7a7889 elementor-section-stretched elementor-section-full_width elementor-section-height-default elementor-section-height-default\" data-id=\"b7a7889\" data-element_type=\"section\" data-e-type=\"section\" data-settings=\"{&quot;stretch_section&quot;:&quot;section-stretched&quot;,&quot;background_background&quot;:&quot;classic&quot;}\">\n\t\t\t\t\t\t<div class=\"elementor-container elementor-column-gap-default\">\n\t\t\t\t\t<div class=\"elementor-column elementor-col-50 elementor-top-column elementor-element elementor-element-3df09edf\" data-id=\"3df09edf\" data-element_type=\"column\" data-e-type=\"column\" data-settings=\"{&quot;background_background&quot;:&quot;classic&quot;}\">\n\t\t\t<div class=\"elementor-widget-wrap elementor-element-populated\">\n\t\t\t\t\t\t<div class=\"elementor-element elementor-element-3fb70333 elementor-widget elementor-widget-heading\" data-id=\"3fb70333\" data-element_type=\"widget\" data-e-type=\"widget\" data-widget_type=\"heading.default\">\n\t\t\t\t<div class=\"elementor-widget-container\">\n\t\t\t\t\t<h1 class=\"elementor-heading-title elementor-size-default\">Cuisines et agencements int\u00e9rieurs<\/h1>\t\t\t\t<\/div>\n\t\t\t\t<\/div>\n\t\t\t\t\t<\/div>\n\t\t<\/div>\n\t\t\t\t<div class=\"elementor-column elementor-col-50 elementor-top-column elementor-element elementor-element-5252f2a0\" data-id=\"5252f2a0\" data-element_type=\"column\" data-e-type=\"column\">\n\t\t\t<div class=\"elementor-widget-wrap\">\n\t\t\t\t\t\t\t<\/div>\n\t\t<\/div>\n\t\t\t\t\t<\/div>\n\t\t<\/section>\n\t\t\t\t<section class=\"elementor-section elementor-top-section elementor-element elementor-element-93d456b elementor-section-boxed elementor-section-height-default elementor-section-height-default\" data-id=\"93d456b\" data-element_type=\"section\" data-e-type=\"section\">\n\t\t\t\t\t\t<div class=\"elementor-container elementor-column-gap-default\">\n\t\t\t\t\t<div class=\"elementor-column elementor-col-100 elementor-top-column elementor-element elementor-element-f8fc425\" data-id=\"f8fc425\" data-element_type=\"column\" data-e-type=\"column\">\n\t\t\t<div class=\"elementor-widget-wrap elementor-element-populated\">\n\t\t\t\t\t\t<div class=\"elementor-element elementor-element-5d43f46 elementor-widget elementor-widget-a13fe-gallery\" data-id=\"5d43f46\" data-element_type=\"widget\" data-e-type=\"widget\" data-widget_type=\"a13fe-gallery.default\">\n\t\t\t\t<div class=\"elementor-widget-container\">\n\t\t\t\t\t\r\n\t\t\t    <div class=\"bricks-frame gallery-frame bricks-gallery-902 variant-overlay bricks-columns-4 album-content-off title-top title-left hover-effect-drop cover-hover texts-no-hover texts-hover\">\r\n\t\t\t\t    <ul class=\"gallery-media-collection screen-reader-text\">\r\n\t\t\t\t<li class=\"gallery-item type-image subtype-jpeg\" data-id=\"1020\" data-ratio_x=\"1\" data-bg_color=\"\" data-alt_attr=\"\" data-main-image=\"https:\/\/bposem.fr\/WordPress3\/wp-content\/uploads\/2020\/05\/01_KITCHINET.jpg\" data-brick_image=\"https:\/\/bposem.fr\/WordPress3\/wp-content\/uploads\/apollo13_images\/01_KITCHINET-w125x36bogchbankqbm1zmpr8yry1dci78fz08aa.jpg\" data-thumb=\"https:\/\/bposem.fr\/WordPress3\/wp-content\/uploads\/2020\/05\/01_KITCHINET-150x150.jpg\" data-link_target=\"0\">\r\n\t\t<a class=\"item__link\" href=\"https:\/\/bposem.fr\/WordPress3\/wp-content\/uploads\/2020\/05\/01_KITCHINET.jpg\">Kitchenette avant<\/a>\r\n\t\t\t\t\t<div id=\"item-desc-1\" class=\"item-desc\"><\/div>\r\n\t\t\t<\/li>\r\n\t<li class=\"gallery-item type-image subtype-jpeg\" data-id=\"1021\" data-ratio_x=\"1\" data-bg_color=\"\" data-alt_attr=\"\" data-main-image=\"https:\/\/bposem.fr\/WordPress3\/wp-content\/uploads\/2020\/05\/02-KITCHINET.jpg\" data-brick_image=\"https:\/\/bposem.fr\/WordPress3\/wp-content\/uploads\/apollo13_images\/02-KITCHINET-w125xmo02ar2efwzpoxm595nfsxttxxfololmo6q.jpg\" data-thumb=\"https:\/\/bposem.fr\/WordPress3\/wp-content\/uploads\/2020\/05\/02-KITCHINET-150x150.jpg\" data-link_target=\"0\">\r\n\t\t<a class=\"item__link\" href=\"https:\/\/bposem.fr\/WordPress3\/wp-content\/uploads\/2020\/05\/02-KITCHINET.jpg\">Kitchenette pendant travaux<\/a>\r\n\t\t\t\t\t<div id=\"item-desc-2\" class=\"item-desc\"><\/div>\r\n\t\t\t<\/li>\r\n\t<li class=\"gallery-item type-image subtype-jpeg\" data-id=\"1022\" data-ratio_x=\"1\" data-bg_color=\"\" data-alt_attr=\"\" data-main-image=\"https:\/\/bposem.fr\/WordPress3\/wp-content\/uploads\/2020\/05\/03-KITCHINET.jpg\" data-brick_image=\"https:\/\/bposem.fr\/WordPress3\/wp-content\/uploads\/apollo13_images\/03-KITCHINET-w125xyujsy96kwpdksrc8rol22si7asilyghrp4i.jpg\" data-thumb=\"https:\/\/bposem.fr\/WordPress3\/wp-content\/uploads\/2020\/05\/03-KITCHINET-150x150.jpg\" data-link_target=\"0\">\r\n\t\t<a class=\"item__link\" href=\"https:\/\/bposem.fr\/WordPress3\/wp-content\/uploads\/2020\/05\/03-KITCHINET.jpg\">Kitchenette pendant travaux<\/a>\r\n\t\t\t\t\t<div id=\"item-desc-3\" class=\"item-desc\"><\/div>\r\n\t\t\t<\/li>\r\n\t<li class=\"gallery-item type-image subtype-jpeg\" data-id=\"1023\" data-ratio_x=\"1\" data-bg_color=\"\" data-alt_attr=\"\" data-main-image=\"https:\/\/bposem.fr\/WordPress3\/wp-content\/uploads\/2020\/05\/04-KITCHINET.jpg\" data-brick_image=\"https:\/\/bposem.fr\/WordPress3\/wp-content\/uploads\/apollo13_images\/04-KITCHINET-w125yeonv77j7pqa01bzdc5zymssa9iitbgr5fjm.jpg\" data-thumb=\"https:\/\/bposem.fr\/WordPress3\/wp-content\/uploads\/2020\/05\/04-KITCHINET-150x150.jpg\" data-link_target=\"0\">\r\n\t\t<a class=\"item__link\" href=\"https:\/\/bposem.fr\/WordPress3\/wp-content\/uploads\/2020\/05\/04-KITCHINET.jpg\">Kitchenette apr\u00e8s<\/a>\r\n\t\t\t\t\t<div id=\"item-desc-4\" class=\"item-desc\"><\/div>\r\n\t\t\t<\/li>\r\n\t<li class=\"gallery-item type-image subtype-jpeg\" data-id=\"1024\" data-ratio_x=\"1\" data-bg_color=\"\" data-alt_attr=\"\" data-main-image=\"https:\/\/bposem.fr\/WordPress3\/wp-content\/uploads\/2020\/05\/05-AVANT-CUISINE.jpg\" data-brick_image=\"https:\/\/bposem.fr\/WordPress3\/wp-content\/uploads\/apollo13_images\/05-AVANT-CUISINE-w125yvqmpbbanyu0lzhli9awmm6xlriu40jsy2gi.jpg\" data-thumb=\"https:\/\/bposem.fr\/WordPress3\/wp-content\/uploads\/2020\/05\/05-AVANT-CUISINE-150x150.jpg\" data-link_target=\"0\">\r\n\t\t<a class=\"item__link\" href=\"https:\/\/bposem.fr\/WordPress3\/wp-content\/uploads\/2020\/05\/05-AVANT-CUISINE.jpg\">Cuisine avant<\/a>\r\n\t\t\t\t\t<div id=\"item-desc-5\" class=\"item-desc\"><\/div>\r\n\t\t\t<\/li>\r\n\t<li class=\"gallery-item type-image subtype-jpeg\" data-id=\"1026\" data-ratio_x=\"1\" data-bg_color=\"\" data-alt_attr=\"\" data-main-image=\"https:\/\/bposem.fr\/WordPress3\/wp-content\/uploads\/2020\/05\/07-APRES.jpg\" data-brick_image=\"https:\/\/bposem.fr\/WordPress3\/wp-content\/uploads\/apollo13_images\/07-APRES-w125zbkqrk9narux1828mtsbj677oq8ubdk2bsvm.jpg\" data-thumb=\"https:\/\/bposem.fr\/WordPress3\/wp-content\/uploads\/2020\/05\/07-APRES-150x150.jpg\" data-link_target=\"0\">\r\n\t\t<a class=\"item__link\" href=\"https:\/\/bposem.fr\/WordPress3\/wp-content\/uploads\/2020\/05\/07-APRES.jpg\">Cuisine apr\u00e8s<\/a>\r\n\t\t\t\t\t<div id=\"item-desc-6\" class=\"item-desc\"><\/div>\r\n\t\t\t<\/li>\r\n\t<li class=\"gallery-item type-image subtype-jpeg\" data-id=\"1025\" data-ratio_x=\"1\" data-bg_color=\"\" data-alt_attr=\"\" data-main-image=\"https:\/\/bposem.fr\/WordPress3\/wp-content\/uploads\/2020\/05\/06-APRES-CUISINE.jpg\" data-brick_image=\"https:\/\/bposem.fr\/WordPress3\/wp-content\/uploads\/apollo13_images\/06-APRES-CUISINE-w125z31rci7rknb1q8zfkd7v76i50z8oo10jfhf6.jpg\" data-thumb=\"https:\/\/bposem.fr\/WordPress3\/wp-content\/uploads\/2020\/05\/06-APRES-CUISINE-150x150.jpg\" data-link_target=\"0\">\r\n\t\t<a class=\"item__link\" href=\"https:\/\/bposem.fr\/WordPress3\/wp-content\/uploads\/2020\/05\/06-APRES-CUISINE.jpg\">Cuisine apr\u00e8s<\/a>\r\n\t\t\t\t\t<div id=\"item-desc-7\" class=\"item-desc\"><\/div>\r\n\t\t\t<\/li>\r\n\t<li class=\"gallery-item type-image subtype-jpeg\" data-id=\"1027\" data-ratio_x=\"1\" data-bg_color=\"\" data-alt_attr=\"\" data-main-image=\"https:\/\/bposem.fr\/WordPress3\/wp-content\/uploads\/2020\/05\/08-APRES.jpg\" data-brick_image=\"https:\/\/bposem.fr\/WordPress3\/wp-content\/uploads\/apollo13_images\/08-APRES-w125zlbkyhgxuchmiwq0pn09mla5l0jb226dn0tu.jpg\" data-thumb=\"https:\/\/bposem.fr\/WordPress3\/wp-content\/uploads\/2020\/05\/08-APRES-150x150.jpg\" data-link_target=\"0\">\r\n\t\t<a class=\"item__link\" href=\"https:\/\/bposem.fr\/WordPress3\/wp-content\/uploads\/2020\/05\/08-APRES.jpg\">Cuisine apr\u00e8s<\/a>\r\n\t\t\t\t\t<div id=\"item-desc-8\" class=\"item-desc\"><\/div>\r\n\t\t\t<\/li>\r\n\t<li class=\"gallery-item type-image subtype-jpeg\" data-id=\"1028\" data-ratio_x=\"1\" data-bg_color=\"\" data-alt_attr=\"\" data-main-image=\"https:\/\/bposem.fr\/WordPress3\/wp-content\/uploads\/2020\/05\/VERRIERE-1.jpg\" data-brick_image=\"https:\/\/bposem.fr\/WordPress3\/wp-content\/uploads\/apollo13_images\/VERRIERE-1-w125zsmploder0ynn67urqx875ld0895m2n44fsi.jpg\" data-thumb=\"https:\/\/bposem.fr\/WordPress3\/wp-content\/uploads\/2020\/05\/VERRIERE-1-150x150.jpg\" data-link_target=\"0\">\r\n\t\t<a class=\"item__link\" href=\"https:\/\/bposem.fr\/WordPress3\/wp-content\/uploads\/2020\/05\/VERRIERE-1.jpg\">Verri\u00e8re 1<\/a>\r\n\t\t\t\t\t<div id=\"item-desc-9\" class=\"item-desc\"><\/div>\r\n\t\t\t<\/li>\r\n\t<li class=\"gallery-item type-image subtype-jpeg\" data-id=\"1029\" data-ratio_x=\"1\" data-bg_color=\"\" data-alt_attr=\"\" data-main-image=\"https:\/\/bposem.fr\/WordPress3\/wp-content\/uploads\/2020\/05\/VERRIERE-2.jpg\" data-brick_image=\"https:\/\/bposem.fr\/WordPress3\/wp-content\/uploads\/apollo13_images\/VERRIERE-2-w1260awj7nml0q58ftyfx0pmmkddk9js03sybz76.jpg\" data-thumb=\"https:\/\/bposem.fr\/WordPress3\/wp-content\/uploads\/2020\/05\/VERRIERE-2-150x150.jpg\" data-link_target=\"0\">\r\n\t\t<a class=\"item__link\" href=\"https:\/\/bposem.fr\/WordPress3\/wp-content\/uploads\/2020\/05\/VERRIERE-2.jpg\">Verri\u00e8re 2<\/a>\r\n\t\t\t\t\t<div id=\"item-desc-10\" class=\"item-desc\"><\/div>\r\n\t\t\t<\/li>\r\n\t\t<\/ul>\r\n\t                <div class=\"a13-bricks-items\" data-margin=\"10\" data-desc=\"1\" data-proofing=\"0\" data-socials=\"0\" data-lightbox_off=\"0\" data-lightbox_off_mobile=\"0\" data-cover-color=\"rgba(107, 103, 90, 0.65)\">\r\n                <div class=\"grid-master\"><\/div>\r\n            <\/div>\r\n        <\/div>\r\n\t    \t\t\t\t<\/div>\n\t\t\t\t<\/div>\n\t\t\t\t\t<\/div>\n\t\t<\/div>\n\t\t\t\t\t<\/div>\n\t\t<\/section>\n\t\t\t\t<section class=\"elementor-section elementor-top-section elementor-element elementor-element-6c697a26 elementor-section-stretched elementor-section-boxed elementor-section-height-default elementor-section-height-default\" data-id=\"6c697a26\" data-element_type=\"section\" data-e-type=\"section\" data-settings=\"{&quot;stretch_section&quot;:&quot;section-stretched&quot;,&quot;background_background&quot;:&quot;classic&quot;,&quot;shape_divider_top&quot;:&quot;pyramids&quot;}\">\n\t\t\t\t\t<div class=\"elementor-shape elementor-shape-top\" aria-hidden=\"true\" data-negative=\"false\">\n\t\t\t<svg xmlns=\"http:\/\/www.w3.org\/2000\/svg\" viewBox=\"0 0 1000 100\" preserveAspectRatio=\"none\">\n\t<path class=\"elementor-shape-fill\" d=\"M761.9,44.1L643.1,27.2L333.8,98L0,3.8V0l1000,0v3.9\"\/>\n<\/svg>\t\t<\/div>\n\t\t\t\t\t<div class=\"elementor-container elementor-column-gap-default\">\n\t\t\t\t\t<div class=\"elementor-column elementor-col-100 elementor-top-column elementor-element elementor-element-17dd0d78\" data-id=\"17dd0d78\" data-element_type=\"column\" data-e-type=\"column\">\n\t\t\t<div class=\"elementor-widget-wrap elementor-element-populated\">\n\t\t\t\t\t\t<div class=\"elementor-element elementor-element-55b88bf5 elementor-widget elementor-widget-heading\" data-id=\"55b88bf5\" data-element_type=\"widget\" data-e-type=\"widget\" data-widget_type=\"heading.default\">\n\t\t\t\t<div class=\"elementor-widget-container\">\n\t\t\t\t\t<h1 class=\"elementor-heading-title elementor-size-default\">Autres r\u00e9alisations<\/h1>\t\t\t\t<\/div>\n\t\t\t\t<\/div>\n\t\t\t\t<div class=\"elementor-element elementor-element-627452a4 elementor-widget-divider--view-line_icon elementor-view-default elementor-widget-divider--element-align-center elementor-widget elementor-widget-divider\" data-id=\"627452a4\" data-element_type=\"widget\" data-e-type=\"widget\" data-widget_type=\"divider.default\">\n\t\t\t\t<div class=\"elementor-widget-container\">\n\t\t\t\t\t\t\t<div class=\"elementor-divider\">\n\t\t\t<span class=\"elementor-divider-separator\">\n\t\t\t\t\t\t\t<div class=\"elementor-icon elementor-divider__element\">\n\t\t\t\t\t<i aria-hidden=\"true\" class=\"fas fa-tools\"><\/i><\/div>\n\t\t\t\t\t\t<\/span>\n\t\t<\/div>\n\t\t\t\t\t\t<\/div>\n\t\t\t\t<\/div>\n\t\t\t\t<div class=\"elementor-element elementor-element-250a9d9f elementor-widget elementor-widget-a13fe-post-list\" data-id=\"250a9d9f\" data-element_type=\"widget\" data-e-type=\"widget\" data-widget_type=\"a13fe-post-list.default\">\n\t\t\t\t<div class=\"elementor-widget-container\">\n\t\t\t\t\t\t\t\t\t<div class=\"bricks-frame albums-bricks albums-bricks-1  variant-overlay albums-columns-3 hover-effect-drop title-bottom title-left gradient-hover texts-hover\">\r\n\t\t\t\t<div class=\"albums-grid-container\" data-margin=\"5\">\r\n\t\t\t\t<div class=\"grid-master\"><\/div>\r\n\t\t\t\t<div class=\"archive-item object-item w1\" data-category-44=\"1\" itemtype=\"https:\/\/schema.org\/CreativeWork\" itemscope><img decoding=\"async\" src=\"https:\/\/bposem.fr\/WordPress3\/wp-content\/uploads\/apollo13_images\/10-PORTE-BOIS-SEMI-FIXE-IMPOSTE-5do3su61scc2edk4f5pwwycs6avk50j310oi.jpg\" alt=\"\" title=\"PORTE BOIS SEMI-FIXE + IMPOSTE\" width=\"637\" height=\"358.3125\" \/><div class=\"cover\" style=\"background-color:rgba(0,0,0, 0.7);\"><\/div><div class=\"covering-image\"><\/div><div class=\"icon a13icon-plus\"><\/div><div class=\"caption\"><div class=\"texts_group\"><div class=\"cpt-categories album-categories\"><a href=\"https:\/\/bposem.fr\/WordPress3\/genre\/realisations\/\">R\u00e9alisations<\/a><\/div><h2 class=\"post-title\" itemprop=\"headline\">Ouvertures<\/h2><div class=\"excerpt\"><\/div><\/div><\/div><a href=\"http:\/\/bposem.fr\/WordPress3\/ouvertures\/\" itemprop=\"url\"><\/a><div class=\"social\"><\/div><\/div><div class=\"archive-item object-item w1\" data-category-44=\"1\" itemtype=\"https:\/\/schema.org\/CreativeWork\" itemscope><img decoding=\"async\" src=\"https:\/\/bposem.fr\/WordPress3\/wp-content\/uploads\/apollo13_images\/image-principale-avant-apr\u00e8s-5dof64h9lyqs8341qga6dco8h6iaa35kg8tu.jpg\" alt=\"\" title=\"image-principale-avant-apr\u00e8s\" width=\"637\" height=\"358.3125\" \/><div class=\"cover\" style=\"background-color:rgba(0,0,0, 0.7);\"><\/div><div class=\"covering-image\"><\/div><div class=\"icon a13icon-plus\"><\/div><div class=\"caption\"><div class=\"texts_group\"><div class=\"cpt-categories album-categories\"><a href=\"https:\/\/bposem.fr\/WordPress3\/genre\/realisations\/\">R\u00e9alisations<\/a><\/div><h2 class=\"post-title\" itemprop=\"headline\">Avant \/ Apr\u00e8s<\/h2><div class=\"excerpt\"><\/div><\/div><\/div><a href=\"http:\/\/bposem.fr\/WordPress3\/avant-apres\/\" itemprop=\"url\"><\/a><div class=\"social\"><\/div><\/div><div class=\"archive-item object-item w1\" data-category-44=\"1\" itemtype=\"https:\/\/schema.org\/CreativeWork\" itemscope><img decoding=\"async\" src=\"https:\/\/bposem.fr\/WordPress3\/wp-content\/uploads\/apollo13_images\/8-PORTAIL-5do492qi883igxojzkb38eo7keo1xxmq373m.jpg\" alt=\"\" title=\"8-PORTAIL\" width=\"637\" height=\"358.3125\" \/><div class=\"cover\" style=\"background-color:rgba(0,0,0, 0.7);\"><\/div><div class=\"covering-image\"><\/div><div class=\"icon a13icon-plus\"><\/div><div class=\"caption\"><div class=\"texts_group\"><div class=\"cpt-categories album-categories\"><a href=\"https:\/\/bposem.fr\/WordPress3\/genre\/realisations\/\">R\u00e9alisations<\/a><\/div><h2 class=\"post-title\" itemprop=\"headline\">Fermetures<\/h2><div class=\"excerpt\"><\/div><\/div><\/div><a href=\"http:\/\/bposem.fr\/WordPress3\/fermetures\/\" itemprop=\"url\"><\/a><div class=\"social\"><\/div><\/div><div class=\"archive-item object-item w1\" data-category-44=\"1\" itemtype=\"https:\/\/schema.org\/CreativeWork\" itemscope><img decoding=\"async\" src=\"https:\/\/bposem.fr\/WordPress3\/wp-content\/uploads\/apollo13_images\/4-GARDE-CORPS-5do3v9y16j8fc0yeqwkigs4fyh7tbbmh85v6.jpg\" alt=\"\" title=\"4-GARDE-CORPS\" width=\"637\" height=\"358.3125\" \/><div class=\"cover\" style=\"background-color:rgba(0,0,0, 0.7);\"><\/div><div class=\"covering-image\"><\/div><div class=\"icon a13icon-plus\"><\/div><div class=\"caption\"><div class=\"texts_group\"><div class=\"cpt-categories album-categories\"><a href=\"https:\/\/bposem.fr\/WordPress3\/genre\/realisations\/\">R\u00e9alisations<\/a><\/div><h2 class=\"post-title\" itemprop=\"headline\">Garde-corps<\/h2><div class=\"excerpt\"><\/div><\/div><\/div><a href=\"http:\/\/bposem.fr\/WordPress3\/garde-corps\/\" itemprop=\"url\"><\/a><div class=\"social\"><\/div><\/div><div class=\"archive-item object-item w1\" data-category-44=\"1\" itemtype=\"https:\/\/schema.org\/CreativeWork\" itemscope><img decoding=\"async\" src=\"https:\/\/bposem.fr\/WordPress3\/wp-content\/uploads\/apollo13_images\/5-FINITION-5do4bqwhqdh29hryem45y5nvuyvfrr5mrgz6.jpg\" alt=\"\" title=\"5-FINITION\" width=\"637\" height=\"358.3125\" \/><div class=\"cover\" style=\"background-color:rgba(0,0,0, 0.7);\"><\/div><div class=\"covering-image\"><\/div><div class=\"icon a13icon-plus\"><\/div><div class=\"caption\"><div class=\"texts_group\"><div class=\"cpt-categories album-categories\"><a href=\"https:\/\/bposem.fr\/WordPress3\/genre\/realisations\/\">R\u00e9alisations<\/a><\/div><h2 class=\"post-title\" itemprop=\"headline\">Finitions<\/h2><div class=\"excerpt\"><\/div><\/div><\/div><a href=\"http:\/\/bposem.fr\/WordPress3\/finitions\/\" itemprop=\"url\"><\/a><div class=\"social\"><\/div><\/div><div class=\"archive-item object-item w1\" data-category-44=\"1\" itemtype=\"https:\/\/schema.org\/CreativeWork\" itemscope><img decoding=\"async\" src=\"https:\/\/bposem.fr\/WordPress3\/wp-content\/uploads\/apollo13_images\/04-KITCHINET-5do43hlsrhdp9283jk4l2i1j12qoq0wqj7w2.jpg\" alt=\"\" title=\"Kitchenette apr\u00e8s\" width=\"637\" height=\"358.3125\" \/><div class=\"cover\" style=\"background-color:rgba(0,0,0, 0.7);\"><\/div><div class=\"covering-image\"><\/div><div class=\"icon a13icon-plus\"><\/div><div class=\"caption\"><div class=\"texts_group\"><div class=\"cpt-categories album-categories\"><a href=\"https:\/\/bposem.fr\/WordPress3\/genre\/realisations\/\">R\u00e9alisations<\/a><\/div><h2 class=\"post-title\" itemprop=\"headline\">Cuisines et agencements int\u00e9rieurs<\/h2><div class=\"excerpt\"><\/div><\/div><\/div><a href=\"http:\/\/bposem.fr\/WordPress3\/cuisines-et-agencements-interieurs\/\" itemprop=\"url\"><\/a><div class=\"social\"><\/div><\/div>\t\t\t\t<\/div>\r\n\t\t\t\t<\/div>\r\n\t\t\t\t<div class=\"clear\"><\/div>\r\n\t\t\t\t\t\t\t\t<\/div>\n\t\t\t\t<\/div>\n\t\t\t\t\t<\/div>\n\t\t<\/div>\n\t\t\t\t\t<\/div>\n\t\t<\/section>\n\t\t\t\t<\/div>\n\t\t","protected":false},"excerpt":{"rendered":"<p>Cuisines et agencements int\u00e9rieurs Kitchenette avant Kitchenette avant Kitchenette pendant travaux Kitchenette apr\u00e8s Cuisine avant Cuisine apr\u00e8s Cuisine apr\u00e8s Cuisine apr\u00e8s Verri\u00e8re 1 Verri\u00e8re 2 Autres r\u00e9alisations R\u00e9alisations Ouvertures R\u00e9alisations Fermetures R\u00e9alisations Garde-corps R\u00e9alisations Finitions R\u00e9alisations Avant \/ Apr\u00e8s R\u00e9alisations Cuisines et agencements int\u00e9rieurs<\/p>\n","protected":false},"author":1,"featured_media":0,"parent":0,"menu_order":0,"comment_status":"closed","ping_status":"closed","template":"elementor_header_footer","meta":{"footnotes":""},"class_list":["post-1087","page","type-page","status-publish"],"_links":{"self":[{"href":"https:\/\/bposem.fr\/WordPress3\/wp-json\/wp\/v2\/pages\/1087","targetHints":{"allow":["GET"]}}],"collection":[{"href":"https:\/\/bposem.fr\/WordPress3\/wp-json\/wp\/v2\/pages"}],"about":[{"href":"https:\/\/bposem.fr\/WordPress3\/wp-json\/wp\/v2\/types\/page"}],"author":[{"embeddable":true,"href":"https:\/\/bposem.fr\/WordPress3\/wp-json\/wp\/v2\/users\/1"}],"replies":[{"embeddable":true,"href":"https:\/\/bposem.fr\/WordPress3\/wp-json\/wp\/v2\/comments?post=1087"}],"version-history":[{"count":0,"href":"https:\/\/bposem.fr\/WordPress3\/wp-json\/wp\/v2\/pages\/1087\/revisions"}],"wp:attachment":[{"href":"https:\/\/bposem.fr\/WordPress3\/wp-json\/wp\/v2\/media?parent=1087"}],"curies":[{"name":"wp","href":"https:\/\/api.w.org\/{rel}","templated":true}]}}