{"id":1116,"date":"2020-05-19T13:33:38","date_gmt":"2020-05-19T11:33:38","guid":{"rendered":"http:\/\/bposem.fr\/WordPress3\/?page_id=1116"},"modified":"2020-05-19T13:56:53","modified_gmt":"2020-05-19T11:56:53","slug":"fermetures","status":"publish","type":"page","link":"https:\/\/bposem.fr\/WordPress3\/fermetures\/","title":{"rendered":"Fermetures"},"content":{"rendered":"\t\t<div data-elementor-type=\"wp-page\" data-elementor-id=\"1116\" class=\"elementor elementor-1116\">\n\t\t\t\t\t\t<section class=\"elementor-section elementor-top-section elementor-element elementor-element-b7a7889 elementor-section-stretched elementor-section-full_width elementor-section-height-default elementor-section-height-default\" data-id=\"b7a7889\" data-element_type=\"section\" data-e-type=\"section\" data-settings=\"{&quot;stretch_section&quot;:&quot;section-stretched&quot;,&quot;background_background&quot;:&quot;classic&quot;}\">\n\t\t\t\t\t\t<div class=\"elementor-container elementor-column-gap-default\">\n\t\t\t\t\t<div class=\"elementor-column elementor-col-50 elementor-top-column elementor-element elementor-element-3df09edf\" data-id=\"3df09edf\" data-element_type=\"column\" data-e-type=\"column\" data-settings=\"{&quot;background_background&quot;:&quot;classic&quot;}\">\n\t\t\t<div class=\"elementor-widget-wrap elementor-element-populated\">\n\t\t\t\t\t\t<div class=\"elementor-element elementor-element-3fb70333 elementor-widget elementor-widget-heading\" data-id=\"3fb70333\" data-element_type=\"widget\" data-e-type=\"widget\" data-widget_type=\"heading.default\">\n\t\t\t\t<div class=\"elementor-widget-container\">\n\t\t\t\t\t<h1 class=\"elementor-heading-title elementor-size-default\">Fermetures<\/h1>\t\t\t\t<\/div>\n\t\t\t\t<\/div>\n\t\t\t\t\t<\/div>\n\t\t<\/div>\n\t\t\t\t<div class=\"elementor-column elementor-col-50 elementor-top-column elementor-element elementor-element-5252f2a0\" data-id=\"5252f2a0\" data-element_type=\"column\" data-e-type=\"column\">\n\t\t\t<div class=\"elementor-widget-wrap\">\n\t\t\t\t\t\t\t<\/div>\n\t\t<\/div>\n\t\t\t\t\t<\/div>\n\t\t<\/section>\n\t\t\t\t<section class=\"elementor-section elementor-top-section elementor-element elementor-element-93d456b elementor-section-boxed elementor-section-height-default elementor-section-height-default\" data-id=\"93d456b\" data-element_type=\"section\" data-e-type=\"section\">\n\t\t\t\t\t\t<div class=\"elementor-container elementor-column-gap-default\">\n\t\t\t\t\t<div class=\"elementor-column elementor-col-100 elementor-top-column elementor-element elementor-element-f8fc425\" data-id=\"f8fc425\" data-element_type=\"column\" data-e-type=\"column\">\n\t\t\t<div class=\"elementor-widget-wrap elementor-element-populated\">\n\t\t\t\t\t\t<div class=\"elementor-element elementor-element-5d43f46 elementor-widget elementor-widget-a13fe-gallery\" data-id=\"5d43f46\" data-element_type=\"widget\" data-e-type=\"widget\" data-widget_type=\"a13fe-gallery.default\">\n\t\t\t\t<div class=\"elementor-widget-container\">\n\t\t\t\t\t\r\n\t\t\t    <div class=\"bricks-frame gallery-frame bricks-gallery-900 variant-overlay bricks-columns-3 album-content-off title-top title-left hover-effect-drop cover-hover\">\r\n\t\t\t\t    <ul class=\"gallery-media-collection screen-reader-text\">\r\n\t\t\t\t<li class=\"gallery-item type-image subtype-jpeg\" data-id=\"1048\" data-ratio_x=\"1\" data-bg_color=\"\" data-alt_attr=\"\" data-main-image=\"https:\/\/bposem.fr\/WordPress3\/wp-content\/uploads\/2020\/05\/9-PORTILLON.jpg\" data-brick_image=\"https:\/\/bposem.fr\/WordPress3\/wp-content\/uploads\/apollo13_images\/9-PORTILLON-6yzv55ilgx6damcsnp5r0j5z6tpy2tlujq.jpg\" data-thumb=\"https:\/\/bposem.fr\/WordPress3\/wp-content\/uploads\/2020\/05\/9-PORTILLON-150x150.jpg\" data-link_target=\"0\">\r\n\t\t<a class=\"item__link\" href=\"https:\/\/bposem.fr\/WordPress3\/wp-content\/uploads\/2020\/05\/9-PORTILLON.jpg\">9-PORTILLON<\/a>\r\n\t\t\t\t\t<div id=\"item-desc-1\" class=\"item-desc\"><\/div>\r\n\t\t\t<\/li>\r\n\t<li class=\"gallery-item type-image subtype-jpeg\" data-id=\"1047\" data-ratio_x=\"1\" data-bg_color=\"\" data-alt_attr=\"\" data-main-image=\"https:\/\/bposem.fr\/WordPress3\/wp-content\/uploads\/2020\/05\/8-PORTAIL.jpg\" data-brick_image=\"https:\/\/bposem.fr\/WordPress3\/wp-content\/uploads\/apollo13_images\/8-PORTAIL-6yzv54zi525u5ceeb42gcaemyewojp52zy.jpg\" data-thumb=\"https:\/\/bposem.fr\/WordPress3\/wp-content\/uploads\/2020\/05\/8-PORTAIL-150x150.jpg\" data-link_target=\"0\">\r\n\t\t<a class=\"item__link\" href=\"https:\/\/bposem.fr\/WordPress3\/wp-content\/uploads\/2020\/05\/8-PORTAIL.jpg\">8-PORTAIL<\/a>\r\n\t\t\t\t\t<div id=\"item-desc-2\" class=\"item-desc\"><\/div>\r\n\t\t\t<\/li>\r\n\t<li class=\"gallery-item type-image subtype-jpeg\" data-id=\"1046\" data-ratio_x=\"1\" data-bg_color=\"\" data-alt_attr=\"\" data-main-image=\"https:\/\/bposem.fr\/WordPress3\/wp-content\/uploads\/2020\/05\/7-PORTAIL.jpg\" data-brick_image=\"https:\/\/bposem.fr\/WordPress3\/wp-content\/uploads\/apollo13_images\/7-PORTAIL-6yzv53xbhc4rushllxvuzsvyhla5hg5ysu.jpg\" data-thumb=\"https:\/\/bposem.fr\/WordPress3\/wp-content\/uploads\/2020\/05\/7-PORTAIL-150x150.jpg\" data-link_target=\"0\">\r\n\t\t<a class=\"item__link\" href=\"https:\/\/bposem.fr\/WordPress3\/wp-content\/uploads\/2020\/05\/7-PORTAIL.jpg\">7-PORTAIL<\/a>\r\n\t\t\t\t\t<div id=\"item-desc-3\" class=\"item-desc\"><\/div>\r\n\t\t\t<\/li>\r\n\t<li class=\"gallery-item type-image subtype-jpeg\" data-id=\"1045\" data-ratio_x=\"1\" data-bg_color=\"\" data-alt_attr=\"\" data-main-image=\"https:\/\/bposem.fr\/WordPress3\/wp-content\/uploads\/2020\/05\/6-PORTAIL.jpg\" data-brick_image=\"https:\/\/bposem.fr\/WordPress3\/wp-content\/uploads\/apollo13_images\/6-PORTAIL-6yzv534ohjlz4vk0328wzfqy4z296reu3q.jpg\" data-thumb=\"https:\/\/bposem.fr\/WordPress3\/wp-content\/uploads\/2020\/05\/6-PORTAIL-150x150.jpg\" data-link_target=\"0\">\r\n\t\t<a class=\"item__link\" href=\"https:\/\/bposem.fr\/WordPress3\/wp-content\/uploads\/2020\/05\/6-PORTAIL.jpg\">6-PORTAIL<\/a>\r\n\t\t\t\t\t<div id=\"item-desc-4\" class=\"item-desc\"><\/div>\r\n\t\t\t<\/li>\r\n\t<li class=\"gallery-item type-image subtype-jpeg\" data-id=\"1044\" data-ratio_x=\"1\" data-bg_color=\"\" data-alt_attr=\"\" data-main-image=\"https:\/\/bposem.fr\/WordPress3\/wp-content\/uploads\/2020\/05\/5-PORTAIL.jpg\" data-brick_image=\"https:\/\/bposem.fr\/WordPress3\/wp-content\/uploads\/apollo13_images\/5-PORTAIL-6yzv52ll5olfzlllqh5mb6zlwk8znmwz7a.jpg\" data-thumb=\"https:\/\/bposem.fr\/WordPress3\/wp-content\/uploads\/2020\/05\/5-PORTAIL-150x150.jpg\" data-link_target=\"0\">\r\n\t\t<a class=\"item__link\" href=\"https:\/\/bposem.fr\/WordPress3\/wp-content\/uploads\/2020\/05\/5-PORTAIL.jpg\">5-PORTAIL<\/a>\r\n\t\t\t\t\t<div id=\"item-desc-5\" class=\"item-desc\"><\/div>\r\n\t\t\t<\/li>\r\n\t<li class=\"gallery-item type-image subtype-jpeg\" data-id=\"1043\" data-ratio_x=\"1\" data-bg_color=\"\" data-alt_attr=\"\" data-main-image=\"https:\/\/bposem.fr\/WordPress3\/wp-content\/uploads\/2020\/05\/4-PORTAIL-DEVANT.jpg\" data-brick_image=\"https:\/\/bposem.fr\/WordPress3\/wp-content\/uploads\/apollo13_images\/4-PORTAIL-DEVANT-6yzv522httkwubn7dw2bmy89o5fq4ifpwm.jpg\" data-thumb=\"https:\/\/bposem.fr\/WordPress3\/wp-content\/uploads\/2020\/05\/4-PORTAIL-DEVANT-150x150.jpg\" data-link_target=\"0\">\r\n\t\t<a class=\"item__link\" href=\"https:\/\/bposem.fr\/WordPress3\/wp-content\/uploads\/2020\/05\/4-PORTAIL-DEVANT.jpg\">4-PORTAIL-DEVANT<\/a>\r\n\t\t\t\t\t<div id=\"item-desc-6\" class=\"item-desc\"><\/div>\r\n\t\t\t<\/li>\r\n\t<li class=\"gallery-item type-image subtype-jpeg\" data-id=\"1042\" data-ratio_x=\"1\" data-bg_color=\"\" data-alt_attr=\"\" data-main-image=\"https:\/\/bposem.fr\/WordPress3\/wp-content\/uploads\/2020\/05\/3-PORTAIL-ARRIERE.jpg\" data-brick_image=\"https:\/\/bposem.fr\/WordPress3\/wp-content\/uploads\/apollo13_images\/3-PORTAIL-ARRIERE-6yzv519uu1244eplv0fdml39bj7tttpdra.jpg\" data-thumb=\"https:\/\/bposem.fr\/WordPress3\/wp-content\/uploads\/2020\/05\/3-PORTAIL-ARRIERE-150x150.jpg\" data-link_target=\"0\">\r\n\t\t<a class=\"item__link\" href=\"https:\/\/bposem.fr\/WordPress3\/wp-content\/uploads\/2020\/05\/3-PORTAIL-ARRIERE.jpg\">3-PORTAIL-ARRIERE<\/a>\r\n\t\t\t\t\t<div id=\"item-desc-7\" class=\"item-desc\"><\/div>\r\n\t\t\t<\/li>\r\n\t<li class=\"gallery-item type-image subtype-jpeg\" data-id=\"1041\" data-ratio_x=\"1\" data-bg_color=\"\" data-alt_attr=\"\" data-main-image=\"https:\/\/bposem.fr\/WordPress3\/wp-content\/uploads\/2020\/05\/2-PORTAIL.jpg\" data-brick_image=\"https:\/\/bposem.fr\/WordPress3\/wp-content\/uploads\/apollo13_images\/2-PORTAIL-6yzv50h7u8jbehs0c4sfm7y8ywzxj4z45m.jpg\" data-thumb=\"https:\/\/bposem.fr\/WordPress3\/wp-content\/uploads\/2020\/05\/2-PORTAIL-150x150.jpg\" data-link_target=\"0\">\r\n\t\t<a class=\"item__link\" href=\"https:\/\/bposem.fr\/WordPress3\/wp-content\/uploads\/2020\/05\/2-PORTAIL.jpg\">2-PORTAIL<\/a>\r\n\t\t\t\t\t<div id=\"item-desc-8\" class=\"item-desc\"><\/div>\r\n\t\t\t<\/li>\r\n\t<li class=\"gallery-item type-image subtype-jpeg\" data-id=\"1040\" data-ratio_x=\"1\" data-bg_color=\"\" data-alt_attr=\"\" data-main-image=\"https:\/\/bposem.fr\/WordPress3\/wp-content\/uploads\/2020\/05\/19-PORTE-DE-GARAGE.jpg\" data-brick_image=\"https:\/\/bposem.fr\/WordPress3\/wp-content\/uploads\/apollo13_images\/19-PORTE-DE-GARAGE-6yzv4zy4idis97tlzjp4xz6wqi6o00hhie.jpg\" data-thumb=\"https:\/\/bposem.fr\/WordPress3\/wp-content\/uploads\/2020\/05\/19-PORTE-DE-GARAGE-150x150.jpg\" data-link_target=\"0\">\r\n\t\t<a class=\"item__link\" href=\"https:\/\/bposem.fr\/WordPress3\/wp-content\/uploads\/2020\/05\/19-PORTE-DE-GARAGE.jpg\">19-PORTE-DE-GARAGE<\/a>\r\n\t\t\t\t\t<div id=\"item-desc-9\" class=\"item-desc\"><\/div>\r\n\t\t\t<\/li>\r\n\t<li class=\"gallery-item type-image subtype-jpeg\" data-id=\"1039\" data-ratio_x=\"1\" data-bg_color=\"\" data-alt_attr=\"\" data-main-image=\"https:\/\/bposem.fr\/WordPress3\/wp-content\/uploads\/2020\/05\/18-PORTE-DE-GARAGE-.jpg\" data-brick_image=\"https:\/\/bposem.fr\/WordPress3\/wp-content\/uploads\/apollo13_images\/18-PORTE-DE-GARAGE--6yzv4zf16ii93xv7mylu9qfki3degvztee.jpg\" data-thumb=\"https:\/\/bposem.fr\/WordPress3\/wp-content\/uploads\/2020\/05\/18-PORTE-DE-GARAGE--150x150.jpg\" data-link_target=\"0\">\r\n\t\t<a class=\"item__link\" href=\"https:\/\/bposem.fr\/WordPress3\/wp-content\/uploads\/2020\/05\/18-PORTE-DE-GARAGE-.jpg\">18-PORTE-DE-GARAGE-<\/a>\r\n\t\t\t\t\t<div id=\"item-desc-10\" class=\"item-desc\"><\/div>\r\n\t\t\t<\/li>\r\n\t<li class=\"gallery-item type-image subtype-jpeg\" data-id=\"1038\" data-ratio_x=\"1\" data-bg_color=\"\" data-alt_attr=\"\" data-main-image=\"https:\/\/bposem.fr\/WordPress3\/wp-content\/uploads\/2020\/05\/17-PORTE-DE-GARAGE-1.jpg\" data-brick_image=\"https:\/\/bposem.fr\/WordPress3\/wp-content\/uploads\/apollo13_images\/17-PORTE-DE-GARAGE-1-6yzv4yvxunhpynwtadijlho89ok4xridba.jpg\" data-thumb=\"https:\/\/bposem.fr\/WordPress3\/wp-content\/uploads\/2020\/05\/17-PORTE-DE-GARAGE-1-150x150.jpg\" data-link_target=\"0\">\r\n\t\t<a class=\"item__link\" href=\"https:\/\/bposem.fr\/WordPress3\/wp-content\/uploads\/2020\/05\/17-PORTE-DE-GARAGE-1.jpg\">17-PORTE-DE-GARAGE<\/a>\r\n\t\t\t\t\t<div id=\"item-desc-11\" class=\"item-desc\"><\/div>\r\n\t\t\t<\/li>\r\n\t<li class=\"gallery-item type-image subtype-jpeg\" data-id=\"1037\" data-ratio_x=\"1\" data-bg_color=\"\" data-alt_attr=\"\" data-main-image=\"https:\/\/bposem.fr\/WordPress3\/wp-content\/uploads\/2020\/05\/16-PORTE-DE-GARAGE.jpg\" data-brick_image=\"https:\/\/bposem.fr\/WordPress3\/wp-content\/uploads\/apollo13_images\/16-PORTE-DE-GARAGE-6yzv4ycuish6tdyexsf8x8ww19qven0t7q.jpg\" data-thumb=\"https:\/\/bposem.fr\/WordPress3\/wp-content\/uploads\/2020\/05\/16-PORTE-DE-GARAGE-150x150.jpg\" data-link_target=\"0\">\r\n\t\t<a class=\"item__link\" href=\"https:\/\/bposem.fr\/WordPress3\/wp-content\/uploads\/2020\/05\/16-PORTE-DE-GARAGE.jpg\">16-PORTE-DE-GARAGE<\/a>\r\n\t\t\t\t\t<div id=\"item-desc-12\" class=\"item-desc\"><\/div>\r\n\t\t\t<\/li>\r\n\t<li class=\"gallery-item type-image subtype-jpeg\" data-id=\"1036\" data-ratio_x=\"1\" data-bg_color=\"\" data-alt_attr=\"\" data-main-image=\"https:\/\/bposem.fr\/WordPress3\/wp-content\/uploads\/2020\/05\/15-PORTAIL.jpg\" data-brick_image=\"https:\/\/bposem.fr\/WordPress3\/wp-content\/uploads\/apollo13_images\/15-PORTAIL-6yzv4xtr6xgno400l7by905jsuxlvij946.jpg\" data-thumb=\"https:\/\/bposem.fr\/WordPress3\/wp-content\/uploads\/2020\/05\/15-PORTAIL-150x150.jpg\" data-link_target=\"0\">\r\n\t\t<a class=\"item__link\" href=\"https:\/\/bposem.fr\/WordPress3\/wp-content\/uploads\/2020\/05\/15-PORTAIL.jpg\">15-PORTAIL<\/a>\r\n\t\t\t\t\t<div id=\"item-desc-13\" class=\"item-desc\"><\/div>\r\n\t\t\t<\/li>\r\n\t<li class=\"gallery-item type-image subtype-jpeg\" data-id=\"1035\" data-ratio_x=\"1\" data-bg_color=\"\" data-alt_attr=\"\" data-main-image=\"https:\/\/bposem.fr\/WordPress3\/wp-content\/uploads\/2020\/05\/14-PORTAIL.jpg\" data-brick_image=\"https:\/\/bposem.fr\/WordPress3\/wp-content\/uploads\/apollo13_images\/14-PORTAIL-6yzv4wrkj7fldk37w15cwimvc1b2t9k4x2.jpg\" data-thumb=\"https:\/\/bposem.fr\/WordPress3\/wp-content\/uploads\/2020\/05\/14-PORTAIL-150x150.jpg\" data-link_target=\"0\">\r\n\t\t<a class=\"item__link\" href=\"https:\/\/bposem.fr\/WordPress3\/wp-content\/uploads\/2020\/05\/14-PORTAIL.jpg\">14-PORTAIL<\/a>\r\n\t\t\t\t\t<div id=\"item-desc-14\" class=\"item-desc\"><\/div>\r\n\t\t\t<\/li>\r\n\t<li class=\"gallery-item type-image subtype-jpeg\" data-id=\"1034\" data-ratio_x=\"1\" data-bg_color=\"\" data-alt_attr=\"\" data-main-image=\"https:\/\/bposem.fr\/WordPress3\/wp-content\/uploads\/2020\/05\/13-PORTAIL-DEVANT.jpg\" data-brick_image=\"https:\/\/bposem.fr\/WordPress3\/wp-content\/uploads\/apollo13_images\/13-PORTAIL-DEVANT-6yzv4w8h7cf28a4tjg2289vj3mhta52kti.jpg\" data-thumb=\"https:\/\/bposem.fr\/WordPress3\/wp-content\/uploads\/2020\/05\/13-PORTAIL-DEVANT-150x150.jpg\" data-link_target=\"0\">\r\n\t\t<a class=\"item__link\" href=\"https:\/\/bposem.fr\/WordPress3\/wp-content\/uploads\/2020\/05\/13-PORTAIL-DEVANT.jpg\">13-PORTAIL-DEVANT<\/a>\r\n\t\t\t\t\t<div id=\"item-desc-15\" class=\"item-desc\"><\/div>\r\n\t\t\t<\/li>\r\n\t<li class=\"gallery-item type-image subtype-jpeg\" data-id=\"1033\" data-ratio_x=\"1\" data-bg_color=\"\" data-alt_attr=\"\" data-main-image=\"https:\/\/bposem.fr\/WordPress3\/wp-content\/uploads\/2020\/05\/12-PORTAIL-DERRIERE.jpg\" data-brick_image=\"https:\/\/bposem.fr\/WordPress3\/wp-content\/uploads\/apollo13_images\/12-PORTAIL-DERRIERE-6yzv4vfu7jw9id780kf47wqir09wzgc8o6.jpg\" data-thumb=\"https:\/\/bposem.fr\/WordPress3\/wp-content\/uploads\/2020\/05\/12-PORTAIL-DERRIERE-150x150.jpg\" data-link_target=\"0\">\r\n\t\t<a class=\"item__link\" href=\"https:\/\/bposem.fr\/WordPress3\/wp-content\/uploads\/2020\/05\/12-PORTAIL-DERRIERE.jpg\">12-PORTAIL-DERRIERE<\/a>\r\n\t\t\t\t\t<div id=\"item-desc-16\" class=\"item-desc\"><\/div>\r\n\t\t\t<\/li>\r\n\t<li class=\"gallery-item type-image subtype-jpeg\" data-id=\"1032\" data-ratio_x=\"1\" data-bg_color=\"\" data-alt_attr=\"\" data-main-image=\"https:\/\/bposem.fr\/WordPress3\/wp-content\/uploads\/2020\/05\/11-PORTAIL.jpg\" data-brick_image=\"https:\/\/bposem.fr\/WordPress3\/wp-content\/uploads\/apollo13_images\/11-PORTAIL-6yzv4uwqvovqd38tnzbtjnz6ilgngbvh4e.jpg\" data-thumb=\"https:\/\/bposem.fr\/WordPress3\/wp-content\/uploads\/2020\/05\/11-PORTAIL-150x150.jpg\" data-link_target=\"0\">\r\n\t\t<a class=\"item__link\" href=\"https:\/\/bposem.fr\/WordPress3\/wp-content\/uploads\/2020\/05\/11-PORTAIL.jpg\">11-PORTAIL<\/a>\r\n\t\t\t\t\t<div id=\"item-desc-17\" class=\"item-desc\"><\/div>\r\n\t\t\t<\/li>\r\n\t<li class=\"gallery-item type-image subtype-jpeg\" data-id=\"1031\" data-ratio_x=\"1\" data-bg_color=\"\" data-alt_attr=\"\" data-main-image=\"https:\/\/bposem.fr\/WordPress3\/wp-content\/uploads\/2020\/05\/10-PORTAIL.jpg\" data-brick_image=\"https:\/\/bposem.fr\/WordPress3\/wp-content\/uploads\/apollo13_images\/10-PORTAIL-6yzv4tuk7yuo2jc0yt5876gi1ru4e2wcxa.jpg\" data-thumb=\"https:\/\/bposem.fr\/WordPress3\/wp-content\/uploads\/2020\/05\/10-PORTAIL-150x150.jpg\" data-link_target=\"0\">\r\n\t\t<a class=\"item__link\" href=\"https:\/\/bposem.fr\/WordPress3\/wp-content\/uploads\/2020\/05\/10-PORTAIL.jpg\">10-PORTAIL<\/a>\r\n\t\t\t\t\t<div id=\"item-desc-18\" class=\"item-desc\"><\/div>\r\n\t\t\t<\/li>\r\n\t<li class=\"gallery-item type-image subtype-jpeg\" data-id=\"1030\" data-ratio_x=\"1\" data-bg_color=\"\" data-alt_attr=\"\" data-main-image=\"https:\/\/bposem.fr\/WordPress3\/wp-content\/uploads\/2020\/05\/1-PORTAIL.jpg\" data-brick_image=\"https:\/\/bposem.fr\/WordPress3\/wp-content\/uploads\/apollo13_images\/1-PORTAIL-6yzv4t1x86bvcmeffxia6tbhp5m83e5mqe.jpg\" data-thumb=\"https:\/\/bposem.fr\/WordPress3\/wp-content\/uploads\/2020\/05\/1-PORTAIL-150x150.jpg\" data-link_target=\"0\">\r\n\t\t<a class=\"item__link\" href=\"https:\/\/bposem.fr\/WordPress3\/wp-content\/uploads\/2020\/05\/1-PORTAIL.jpg\">1-PORTAIL<\/a>\r\n\t\t\t\t\t<div id=\"item-desc-19\" class=\"item-desc\"><\/div>\r\n\t\t\t<\/li>\r\n\t\t<\/ul>\r\n\t                <div class=\"a13-bricks-items\" data-margin=\"10\" data-desc=\"1\" data-proofing=\"0\" data-socials=\"0\" data-lightbox_off=\"0\" data-lightbox_off_mobile=\"0\" data-cover-color=\"rgba(107, 103, 90, 0.65)\">\r\n                <div class=\"grid-master\"><\/div>\r\n            <\/div>\r\n        <\/div>\r\n\t    \t\t\t\t<\/div>\n\t\t\t\t<\/div>\n\t\t\t\t\t<\/div>\n\t\t<\/div>\n\t\t\t\t\t<\/div>\n\t\t<\/section>\n\t\t\t\t<section class=\"elementor-section elementor-top-section elementor-element elementor-element-6c697a26 elementor-section-stretched elementor-section-boxed elementor-section-height-default elementor-section-height-default\" data-id=\"6c697a26\" data-element_type=\"section\" data-e-type=\"section\" data-settings=\"{&quot;stretch_section&quot;:&quot;section-stretched&quot;,&quot;background_background&quot;:&quot;classic&quot;,&quot;shape_divider_top&quot;:&quot;pyramids&quot;}\">\n\t\t\t\t\t<div class=\"elementor-shape elementor-shape-top\" aria-hidden=\"true\" data-negative=\"false\">\n\t\t\t<svg xmlns=\"http:\/\/www.w3.org\/2000\/svg\" viewBox=\"0 0 1000 100\" preserveAspectRatio=\"none\">\n\t<path class=\"elementor-shape-fill\" d=\"M761.9,44.1L643.1,27.2L333.8,98L0,3.8V0l1000,0v3.9\"\/>\n<\/svg>\t\t<\/div>\n\t\t\t\t\t<div class=\"elementor-container elementor-column-gap-default\">\n\t\t\t\t\t<div class=\"elementor-column elementor-col-100 elementor-top-column elementor-element elementor-element-17dd0d78\" data-id=\"17dd0d78\" data-element_type=\"column\" data-e-type=\"column\">\n\t\t\t<div class=\"elementor-widget-wrap elementor-element-populated\">\n\t\t\t\t\t\t<div class=\"elementor-element elementor-element-55b88bf5 elementor-widget elementor-widget-heading\" data-id=\"55b88bf5\" data-element_type=\"widget\" data-e-type=\"widget\" data-widget_type=\"heading.default\">\n\t\t\t\t<div class=\"elementor-widget-container\">\n\t\t\t\t\t<h1 class=\"elementor-heading-title elementor-size-default\">Autres r\u00e9alisations<\/h1>\t\t\t\t<\/div>\n\t\t\t\t<\/div>\n\t\t\t\t<div class=\"elementor-element elementor-element-627452a4 elementor-widget-divider--view-line_icon elementor-view-default elementor-widget-divider--element-align-center elementor-widget elementor-widget-divider\" data-id=\"627452a4\" data-element_type=\"widget\" data-e-type=\"widget\" data-widget_type=\"divider.default\">\n\t\t\t\t<div class=\"elementor-widget-container\">\n\t\t\t\t\t\t\t<div class=\"elementor-divider\">\n\t\t\t<span class=\"elementor-divider-separator\">\n\t\t\t\t\t\t\t<div class=\"elementor-icon elementor-divider__element\">\n\t\t\t\t\t<i aria-hidden=\"true\" class=\"fas fa-tools\"><\/i><\/div>\n\t\t\t\t\t\t<\/span>\n\t\t<\/div>\n\t\t\t\t\t\t<\/div>\n\t\t\t\t<\/div>\n\t\t\t\t<div class=\"elementor-element elementor-element-250a9d9f elementor-widget elementor-widget-a13fe-post-list\" data-id=\"250a9d9f\" data-element_type=\"widget\" data-e-type=\"widget\" data-widget_type=\"a13fe-post-list.default\">\n\t\t\t\t<div class=\"elementor-widget-container\">\n\t\t\t\t\t\t\t\t\t<div class=\"bricks-frame albums-bricks albums-bricks-1  variant-overlay albums-columns-3 hover-effect-drop title-bottom title-left gradient-hover texts-hover\">\r\n\t\t\t\t<div class=\"albums-grid-container\" data-margin=\"5\">\r\n\t\t\t\t<div class=\"grid-master\"><\/div>\r\n\t\t\t\t<div class=\"archive-item object-item w1\" data-category-44=\"1\" itemtype=\"https:\/\/schema.org\/CreativeWork\" itemscope><img decoding=\"async\" src=\"https:\/\/bposem.fr\/WordPress3\/wp-content\/uploads\/apollo13_images\/10-PORTE-BOIS-SEMI-FIXE-IMPOSTE-5do3su61scc2edk4f5pwwycs6avk50j310oi.jpg\" alt=\"\" title=\"PORTE BOIS SEMI-FIXE + IMPOSTE\" width=\"637\" height=\"358.3125\" \/><div class=\"cover\" style=\"background-color:rgba(0,0,0, 0.7);\"><\/div><div class=\"covering-image\"><\/div><div class=\"icon a13icon-plus\"><\/div><div class=\"caption\"><div class=\"texts_group\"><div class=\"cpt-categories album-categories\"><a href=\"https:\/\/bposem.fr\/WordPress3\/genre\/realisations\/\">R\u00e9alisations<\/a><\/div><h2 class=\"post-title\" itemprop=\"headline\">Ouvertures<\/h2><div class=\"excerpt\"><\/div><\/div><\/div><a href=\"http:\/\/bposem.fr\/WordPress3\/ouvertures\/\" itemprop=\"url\"><\/a><div class=\"social\"><\/div><\/div><div class=\"archive-item object-item w1\" data-category-44=\"1\" itemtype=\"https:\/\/schema.org\/CreativeWork\" itemscope><img decoding=\"async\" src=\"https:\/\/bposem.fr\/WordPress3\/wp-content\/uploads\/apollo13_images\/image-principale-avant-apr\u00e8s-5dof64h9lyqs8341qga6dco8h6iaa35kg8tu.jpg\" alt=\"\" title=\"image-principale-avant-apr\u00e8s\" width=\"637\" height=\"358.3125\" \/><div class=\"cover\" style=\"background-color:rgba(0,0,0, 0.7);\"><\/div><div class=\"covering-image\"><\/div><div class=\"icon a13icon-plus\"><\/div><div class=\"caption\"><div class=\"texts_group\"><div class=\"cpt-categories album-categories\"><a href=\"https:\/\/bposem.fr\/WordPress3\/genre\/realisations\/\">R\u00e9alisations<\/a><\/div><h2 class=\"post-title\" itemprop=\"headline\">Avant \/ Apr\u00e8s<\/h2><div class=\"excerpt\"><\/div><\/div><\/div><a href=\"http:\/\/bposem.fr\/WordPress3\/avant-apres\/\" itemprop=\"url\"><\/a><div class=\"social\"><\/div><\/div><div class=\"archive-item object-item w1\" data-category-44=\"1\" itemtype=\"https:\/\/schema.org\/CreativeWork\" itemscope><img decoding=\"async\" src=\"https:\/\/bposem.fr\/WordPress3\/wp-content\/uploads\/apollo13_images\/8-PORTAIL-5do492qi883igxojzkb38eo7keo1xxmq373m.jpg\" alt=\"\" title=\"8-PORTAIL\" width=\"637\" height=\"358.3125\" \/><div class=\"cover\" style=\"background-color:rgba(0,0,0, 0.7);\"><\/div><div class=\"covering-image\"><\/div><div class=\"icon a13icon-plus\"><\/div><div class=\"caption\"><div class=\"texts_group\"><div class=\"cpt-categories album-categories\"><a href=\"https:\/\/bposem.fr\/WordPress3\/genre\/realisations\/\">R\u00e9alisations<\/a><\/div><h2 class=\"post-title\" itemprop=\"headline\">Fermetures<\/h2><div class=\"excerpt\"><\/div><\/div><\/div><a href=\"http:\/\/bposem.fr\/WordPress3\/fermetures\/\" itemprop=\"url\"><\/a><div class=\"social\"><\/div><\/div><div class=\"archive-item object-item w1\" data-category-44=\"1\" itemtype=\"https:\/\/schema.org\/CreativeWork\" itemscope><img decoding=\"async\" src=\"https:\/\/bposem.fr\/WordPress3\/wp-content\/uploads\/apollo13_images\/4-GARDE-CORPS-5do3v9y16j8fc0yeqwkigs4fyh7tbbmh85v6.jpg\" alt=\"\" title=\"4-GARDE-CORPS\" width=\"637\" height=\"358.3125\" \/><div class=\"cover\" style=\"background-color:rgba(0,0,0, 0.7);\"><\/div><div class=\"covering-image\"><\/div><div class=\"icon a13icon-plus\"><\/div><div class=\"caption\"><div class=\"texts_group\"><div class=\"cpt-categories album-categories\"><a href=\"https:\/\/bposem.fr\/WordPress3\/genre\/realisations\/\">R\u00e9alisations<\/a><\/div><h2 class=\"post-title\" itemprop=\"headline\">Garde-corps<\/h2><div class=\"excerpt\"><\/div><\/div><\/div><a href=\"http:\/\/bposem.fr\/WordPress3\/garde-corps\/\" itemprop=\"url\"><\/a><div class=\"social\"><\/div><\/div><div class=\"archive-item object-item w1\" data-category-44=\"1\" itemtype=\"https:\/\/schema.org\/CreativeWork\" itemscope><img decoding=\"async\" src=\"https:\/\/bposem.fr\/WordPress3\/wp-content\/uploads\/apollo13_images\/5-FINITION-5do4bqwhqdh29hryem45y5nvuyvfrr5mrgz6.jpg\" alt=\"\" title=\"5-FINITION\" width=\"637\" height=\"358.3125\" \/><div class=\"cover\" style=\"background-color:rgba(0,0,0, 0.7);\"><\/div><div class=\"covering-image\"><\/div><div class=\"icon a13icon-plus\"><\/div><div class=\"caption\"><div class=\"texts_group\"><div class=\"cpt-categories album-categories\"><a href=\"https:\/\/bposem.fr\/WordPress3\/genre\/realisations\/\">R\u00e9alisations<\/a><\/div><h2 class=\"post-title\" itemprop=\"headline\">Finitions<\/h2><div class=\"excerpt\"><\/div><\/div><\/div><a href=\"http:\/\/bposem.fr\/WordPress3\/finitions\/\" itemprop=\"url\"><\/a><div class=\"social\"><\/div><\/div><div class=\"archive-item object-item w1\" data-category-44=\"1\" itemtype=\"https:\/\/schema.org\/CreativeWork\" itemscope><img decoding=\"async\" src=\"https:\/\/bposem.fr\/WordPress3\/wp-content\/uploads\/apollo13_images\/04-KITCHINET-5do43hlsrhdp9283jk4l2i1j12qoq0wqj7w2.jpg\" alt=\"\" title=\"Kitchenette apr\u00e8s\" width=\"637\" height=\"358.3125\" \/><div class=\"cover\" style=\"background-color:rgba(0,0,0, 0.7);\"><\/div><div class=\"covering-image\"><\/div><div class=\"icon a13icon-plus\"><\/div><div class=\"caption\"><div class=\"texts_group\"><div class=\"cpt-categories album-categories\"><a href=\"https:\/\/bposem.fr\/WordPress3\/genre\/realisations\/\">R\u00e9alisations<\/a><\/div><h2 class=\"post-title\" itemprop=\"headline\">Cuisines et agencements int\u00e9rieurs<\/h2><div class=\"excerpt\"><\/div><\/div><\/div><a href=\"http:\/\/bposem.fr\/WordPress3\/cuisines-et-agencements-interieurs\/\" itemprop=\"url\"><\/a><div class=\"social\"><\/div><\/div>\t\t\t\t<\/div>\r\n\t\t\t\t<\/div>\r\n\t\t\t\t<div class=\"clear\"><\/div>\r\n\t\t\t\t\t\t\t\t<\/div>\n\t\t\t\t<\/div>\n\t\t\t\t\t<\/div>\n\t\t<\/div>\n\t\t\t\t\t<\/div>\n\t\t<\/section>\n\t\t\t\t<\/div>\n\t\t","protected":false},"excerpt":{"rendered":"<p>Fermetures 9-PORTILLON 8-PORTAIL 7-PORTAIL 6-PORTAIL 5-PORTAIL 4-PORTAIL-DEVANT 3-PORTAIL-ARRIERE 2-PORTAIL 19-PORTE-DE-GARAGE 18-PORTE-DE-GARAGE- 17-PORTE-DE-GARAGE 16-PORTE-DE-GARAGE 15-PORTAIL 14-PORTAIL 13-PORTAIL-DEVANT 12-PORTAIL-DERRIERE 11-PORTAIL 10-PORTAIL 1-PORTAIL Autres r\u00e9alisations R\u00e9alisations Ouvertures R\u00e9alisations Fermetures R\u00e9alisations Garde-corps R\u00e9alisations Finitions R\u00e9alisations Avant \/ Apr\u00e8s R\u00e9alisations Cuisines et agencements int\u00e9rieurs<\/p>\n","protected":false},"author":1,"featured_media":0,"parent":0,"menu_order":0,"comment_status":"closed","ping_status":"closed","template":"elementor_header_footer","meta":{"footnotes":""},"class_list":["post-1116","page","type-page","status-publish"],"_links":{"self":[{"href":"https:\/\/bposem.fr\/WordPress3\/wp-json\/wp\/v2\/pages\/1116","targetHints":{"allow":["GET"]}}],"collection":[{"href":"https:\/\/bposem.fr\/WordPress3\/wp-json\/wp\/v2\/pages"}],"about":[{"href":"https:\/\/bposem.fr\/WordPress3\/wp-json\/wp\/v2\/types\/page"}],"author":[{"embeddable":true,"href":"https:\/\/bposem.fr\/WordPress3\/wp-json\/wp\/v2\/users\/1"}],"replies":[{"embeddable":true,"href":"https:\/\/bposem.fr\/WordPress3\/wp-json\/wp\/v2\/comments?post=1116"}],"version-history":[{"count":0,"href":"https:\/\/bposem.fr\/WordPress3\/wp-json\/wp\/v2\/pages\/1116\/revisions"}],"wp:attachment":[{"href":"https:\/\/bposem.fr\/WordPress3\/wp-json\/wp\/v2\/media?parent=1116"}],"curies":[{"name":"wp","href":"https:\/\/api.w.org\/{rel}","templated":true}]}}